{"id":13195,"date":"2025-04-25T01:38:46","date_gmt":"2025-04-24T23:38:46","guid":{"rendered":"https:\/\/bock.starkmat.si\/trgovina\/izdelek\/rifle-case-jagdgla%c2%bcck\/"},"modified":"2025-04-25T01:38:46","modified_gmt":"2025-04-24T23:38:46","slug":"rifle-case-jagdgla%c2%bcck","status":"publish","type":"product","link":"https:\/\/bock.si\/en\/shop\/rifle-case-jagdgla%c2%bcck\/","title":{"rendered":"Rifle case &#8220;Jagdgl\u00c3\u00bcck&#8221;"},"content":{"rendered":"<pre class=\"tw-data-text tw-text-large tw-ta\" data-placeholder=\"Prevod\" id=\"tw-target-text\" data-ved=\"2ahUKEwjM4oGHnPyJAxU-xgIHHVqyFOQQ3ewLegQIDhAU\" dir=\"ltr\" aria-label=\"Prevedeno besedilo: Izdelana iz trpe\u017enega poliestrskega materiala. Dvojna zadrga. Debela notranja podloga iz flisa z drobnimi dlakami, \u017eep za kopito in pritrditev za cev. Periferni ro\u010daji za prena\u0161anje iz tkanine. Pritrjen \u017eep z zadrgo (\u0161xV 33x14 cm) za opremo in strelivo ter \u017eep na zadrgo (\u0161xV 18x13 cm) za papirje. Zanka za obe\u0161anje.  dol\u017eina: 126 cm\" style=\"unicode-bidi: isolate; font-size: 28px; line-height: 36px; background-color: rgb(248, 249, 250); border: medium; padding: 2px 0.14em 2px 0px; position: relative; margin: -2px 0px; resize: none; font-family: inherit; overflow: hidden; text-align: justify; width: 270px; white-space: pre-wrap; overflow-wrap: break-word; color: rgb(31, 31, 31); font-style: normal; font-variant-ligatures: normal; font-variant-caps: normal; font-weight: 400; letter-spacing: normal; text-indent: 0px; text-transform: none; word-spacing: 0px; -webkit-text-stroke-width: 0px; text-decoration-thickness: initial; text-decoration-style: initial; text-decoration-color: initial;\"><span style=\"font-size: smaller;\"><span class=\"Y2IQFc\" lang=\"sl\">Izdelana iz trpe\u017enega poliestrskega materiala. Dvojna zadrga. Debela notranja podloga iz flisa z drobnimi dlakami, \u017eep za kopito in pritrditev za cev. Periferni ro\u010daji za prena\u0161anje iz tkanine. Pritrjen \u017eep z zadrgo (\u0161xV 33x14 cm) za opremo in strelivo ter \u017eep na zadrgo (\u0161xV 18x13 cm) za dokumente. Zanka za obe\u0161anje.  dol\u017eina: 126 cm<\/span><\/span><\/pre>\n<p>&nbsp;<\/p>\n","protected":false},"excerpt":{"rendered":"<p>Izdelana iz trpe\u017enega poliestrskega materiala. Dvojna zadrga. Debela notranja podloga iz flisa z drobnimi dlakami, \u017eep za kopito in pritrditev za cev. Periferni ro\u010daji za prena\u0161anje iz tkanine. Pritrjen \u017eep z zadrgo (\u0161xV 33&#215;14 cm) za opremo in strelivo ter \u017eep na zadrgo (\u0161xV 18&#215;13 cm) za dokumente. Zanka za obe\u0161anje. dol\u017eina: 126 cm &nbsp;<\/p>\n","protected":false},"featured_media":9282,"comment_status":"closed","ping_status":"closed","template":"","meta":{"inline_featured_image":false},"pwb-brand":[80],"product_brand":[],"product_cat":[568,611],"product_tag":[],"class_list":{"0":"post-13195","1":"product","2":"type-product","3":"status-publish","4":"has-post-thumbnail","6":"pwb-brand-akah","7":"product_cat-equipment-for-hunters-and-shooters","8":"product_cat-rifle-holsters-and-cases","9":"description-off","11":"first","12":"onbackorder","13":"taxable","14":"shipping-taxable","15":"purchasable","16":"product-type-simple"},"yoast_head":"<!-- This site is optimized with the Yoast SEO plugin v27.2 - https:\/\/yoast.com\/product\/yoast-seo-wordpress\/ -->\n<title>Rifle case &quot;Jagdgl\u00c3\u00bcck&quot; - BOCK Kranj<\/title>\n<meta name=\"robots\" content=\"index, follow, max-snippet:-1, max-image-preview:large, max-video-preview:-1\" \/>\n<link rel=\"canonical\" href=\"https:\/\/bock.si\/en\/shop\/rifle-case-jagdgla\u00bcck\/\" \/>\n<meta property=\"og:locale\" content=\"en_US\" \/>\n<meta property=\"og:type\" content=\"article\" \/>\n<meta property=\"og:title\" content=\"Rifle case &quot;Jagdgl\u00c3\u00bcck&quot; - BOCK Kranj\" \/>\n<meta property=\"og:description\" content=\"Izdelana iz trpe\u017enega poliestrskega materiala. Dvojna zadrga. Debela notranja podloga iz flisa z drobnimi dlakami, \u017eep za kopito in pritrditev za cev. Periferni ro\u010daji za prena\u0161anje iz tkanine. Pritrjen \u017eep z zadrgo (\u0161xV 33x14 cm) za opremo in strelivo ter \u017eep na zadrgo (\u0161xV 18x13 cm) za dokumente. Zanka za obe\u0161anje. dol\u017eina: 126 cm &nbsp;\" \/>\n<meta property=\"og:url\" content=\"https:\/\/bock.si\/en\/shop\/rifle-case-jagdgla\u00bcck\/\" \/>\n<meta property=\"og:site_name\" content=\"BOCK Kranj\" \/>\n<meta property=\"article:publisher\" content=\"https:\/\/www.facebook.com\/BockKranj\" \/>\n<meta property=\"og:image\" content=\"https:\/\/bock.si\/wp-content\/uploads\/2025\/04\/63499_2020_mala-1.webp\" \/>\n\t<meta property=\"og:image:width\" content=\"600\" \/>\n\t<meta property=\"og:image:height\" content=\"399\" \/>\n\t<meta property=\"og:image:type\" content=\"image\/jpeg\" \/>\n<meta name=\"twitter:card\" content=\"summary_large_image\" \/>\n<script type=\"application\/ld+json\" class=\"yoast-schema-graph\">{\"@context\":\"https:\/\/schema.org\",\"@graph\":[{\"@type\":\"WebPage\",\"@id\":\"https:\/\/bock.si\/en\/shop\/rifle-case-jagdgla%c2%bcck\/\",\"url\":\"https:\/\/bock.si\/en\/shop\/rifle-case-jagdgla%c2%bcck\/\",\"name\":\"Rifle case \\\"Jagdgl\u00c3\u00bcck\\\" - BOCK Kranj\",\"isPartOf\":{\"@id\":\"https:\/\/bock.si\/#website\"},\"primaryImageOfPage\":{\"@id\":\"https:\/\/bock.si\/en\/shop\/rifle-case-jagdgla%c2%bcck\/#primaryimage\"},\"image\":{\"@id\":\"https:\/\/bock.si\/en\/shop\/rifle-case-jagdgla%c2%bcck\/#primaryimage\"},\"thumbnailUrl\":\"https:\/\/bock.si\/wp-content\/uploads\/2025\/04\/63499_2020_mala-1.jpg\",\"datePublished\":\"2025-04-24T23:38:46+00:00\",\"breadcrumb\":{\"@id\":\"https:\/\/bock.si\/en\/shop\/rifle-case-jagdgla%c2%bcck\/#breadcrumb\"},\"inLanguage\":\"en-US\",\"potentialAction\":[{\"@type\":\"ReadAction\",\"target\":[\"https:\/\/bock.si\/en\/shop\/rifle-case-jagdgla%c2%bcck\/\"]}]},{\"@type\":\"ImageObject\",\"inLanguage\":\"en-US\",\"@id\":\"https:\/\/bock.si\/en\/shop\/rifle-case-jagdgla%c2%bcck\/#primaryimage\",\"url\":\"https:\/\/bock.si\/wp-content\/uploads\/2025\/04\/63499_2020_mala-1.jpg\",\"contentUrl\":\"https:\/\/bock.si\/wp-content\/uploads\/2025\/04\/63499_2020_mala-1.jpg\",\"width\":600,\"height\":399},{\"@type\":\"BreadcrumbList\",\"@id\":\"https:\/\/bock.si\/en\/shop\/rifle-case-jagdgla%c2%bcck\/#breadcrumb\",\"itemListElement\":[{\"@type\":\"ListItem\",\"position\":1,\"name\":\"Home\",\"item\":\"https:\/\/bock.si\/en\/\"},{\"@type\":\"ListItem\",\"position\":2,\"name\":\"Shop\",\"item\":\"https:\/\/bock.si\/en\/shop\/\"},{\"@type\":\"ListItem\",\"position\":3,\"name\":\"Rifle case &#8220;Jagdgl\u00c3\u00bcck\\\"\"}]},{\"@type\":\"WebSite\",\"@id\":\"https:\/\/bock.si\/#website\",\"url\":\"https:\/\/bock.si\/\",\"name\":\"BOCK Kranj\",\"description\":\"Gunsmithing and shop\",\"publisher\":{\"@id\":\"https:\/\/bock.si\/#organization\"},\"potentialAction\":[{\"@type\":\"SearchAction\",\"target\":{\"@type\":\"EntryPoint\",\"urlTemplate\":\"https:\/\/bock.si\/?s={search_term_string}\"},\"query-input\":{\"@type\":\"PropertyValueSpecification\",\"valueRequired\":true,\"valueName\":\"search_term_string\"}}],\"inLanguage\":\"en-US\"},{\"@type\":\"Organization\",\"@id\":\"https:\/\/bock.si\/#organization\",\"name\":\"BOCK Kranj\",\"url\":\"https:\/\/bock.si\/\",\"logo\":{\"@type\":\"ImageObject\",\"inLanguage\":\"en-US\",\"@id\":\"https:\/\/bock.si\/#\/schema\/logo\/image\/\",\"url\":\"https:\/\/bock.si\/wp-content\/uploads\/2025\/09\/bock-logo-sq.jpg\",\"contentUrl\":\"https:\/\/bock.si\/wp-content\/uploads\/2025\/09\/bock-logo-sq.jpg\",\"width\":696,\"height\":696,\"caption\":\"BOCK Kranj\"},\"image\":{\"@id\":\"https:\/\/bock.si\/#\/schema\/logo\/image\/\"},\"sameAs\":[\"https:\/\/www.facebook.com\/BockKranj\",\"https:\/\/www.instagram.com\/bockkranjofficial\/\"]}]}<\/script>\n<!-- \/ Yoast SEO plugin. -->","yoast_head_json":{"title":"Rifle case \"Jagdgl\u00c3\u00bcck\" - BOCK Kranj","robots":{"index":"index","follow":"follow","max-snippet":"max-snippet:-1","max-image-preview":"max-image-preview:large","max-video-preview":"max-video-preview:-1"},"canonical":"https:\/\/bock.si\/en\/shop\/rifle-case-jagdgla\u00bcck\/","og_locale":"en_US","og_type":"article","og_title":"Rifle case \"Jagdgl\u00c3\u00bcck\" - BOCK Kranj","og_description":"Izdelana iz trpe\u017enega poliestrskega materiala. Dvojna zadrga. Debela notranja podloga iz flisa z drobnimi dlakami, \u017eep za kopito in pritrditev za cev. Periferni ro\u010daji za prena\u0161anje iz tkanine. Pritrjen \u017eep z zadrgo (\u0161xV 33x14 cm) za opremo in strelivo ter \u017eep na zadrgo (\u0161xV 18x13 cm) za dokumente. Zanka za obe\u0161anje. dol\u017eina: 126 cm &nbsp;","og_url":"https:\/\/bock.si\/en\/shop\/rifle-case-jagdgla\u00bcck\/","og_site_name":"BOCK Kranj","article_publisher":"https:\/\/www.facebook.com\/BockKranj","og_image":[{"width":600,"height":399,"url":"https:\/\/bock.si\/wp-content\/uploads\/2025\/04\/63499_2020_mala-1.webp","type":"image\/jpeg"}],"twitter_card":"summary_large_image","schema":{"@context":"https:\/\/schema.org","@graph":[{"@type":"WebPage","@id":"https:\/\/bock.si\/en\/shop\/rifle-case-jagdgla%c2%bcck\/","url":"https:\/\/bock.si\/en\/shop\/rifle-case-jagdgla%c2%bcck\/","name":"Rifle case \"Jagdgl\u00c3\u00bcck\" - BOCK Kranj","isPartOf":{"@id":"https:\/\/bock.si\/#website"},"primaryImageOfPage":{"@id":"https:\/\/bock.si\/en\/shop\/rifle-case-jagdgla%c2%bcck\/#primaryimage"},"image":{"@id":"https:\/\/bock.si\/en\/shop\/rifle-case-jagdgla%c2%bcck\/#primaryimage"},"thumbnailUrl":"https:\/\/bock.si\/wp-content\/uploads\/2025\/04\/63499_2020_mala-1.jpg","datePublished":"2025-04-24T23:38:46+00:00","breadcrumb":{"@id":"https:\/\/bock.si\/en\/shop\/rifle-case-jagdgla%c2%bcck\/#breadcrumb"},"inLanguage":"en-US","potentialAction":[{"@type":"ReadAction","target":["https:\/\/bock.si\/en\/shop\/rifle-case-jagdgla%c2%bcck\/"]}]},{"@type":"ImageObject","inLanguage":"en-US","@id":"https:\/\/bock.si\/en\/shop\/rifle-case-jagdgla%c2%bcck\/#primaryimage","url":"https:\/\/bock.si\/wp-content\/uploads\/2025\/04\/63499_2020_mala-1.jpg","contentUrl":"https:\/\/bock.si\/wp-content\/uploads\/2025\/04\/63499_2020_mala-1.jpg","width":600,"height":399},{"@type":"BreadcrumbList","@id":"https:\/\/bock.si\/en\/shop\/rifle-case-jagdgla%c2%bcck\/#breadcrumb","itemListElement":[{"@type":"ListItem","position":1,"name":"Home","item":"https:\/\/bock.si\/en\/"},{"@type":"ListItem","position":2,"name":"Shop","item":"https:\/\/bock.si\/en\/shop\/"},{"@type":"ListItem","position":3,"name":"Rifle case &#8220;Jagdgl\u00c3\u00bcck\""}]},{"@type":"WebSite","@id":"https:\/\/bock.si\/#website","url":"https:\/\/bock.si\/","name":"BOCK Kranj","description":"Gunsmithing and shop","publisher":{"@id":"https:\/\/bock.si\/#organization"},"potentialAction":[{"@type":"SearchAction","target":{"@type":"EntryPoint","urlTemplate":"https:\/\/bock.si\/?s={search_term_string}"},"query-input":{"@type":"PropertyValueSpecification","valueRequired":true,"valueName":"search_term_string"}}],"inLanguage":"en-US"},{"@type":"Organization","@id":"https:\/\/bock.si\/#organization","name":"BOCK Kranj","url":"https:\/\/bock.si\/","logo":{"@type":"ImageObject","inLanguage":"en-US","@id":"https:\/\/bock.si\/#\/schema\/logo\/image\/","url":"https:\/\/bock.si\/wp-content\/uploads\/2025\/09\/bock-logo-sq.jpg","contentUrl":"https:\/\/bock.si\/wp-content\/uploads\/2025\/09\/bock-logo-sq.jpg","width":696,"height":696,"caption":"BOCK Kranj"},"image":{"@id":"https:\/\/bock.si\/#\/schema\/logo\/image\/"},"sameAs":["https:\/\/www.facebook.com\/BockKranj","https:\/\/www.instagram.com\/bockkranjofficial\/"]}]}},"brands":[{"id":80,"name":"Akah","slug":"akah"}],"_links":{"self":[{"href":"https:\/\/bock.si\/en\/wp-json\/wp\/v2\/product\/13195","targetHints":{"allow":["GET"]}}],"collection":[{"href":"https:\/\/bock.si\/en\/wp-json\/wp\/v2\/product"}],"about":[{"href":"https:\/\/bock.si\/en\/wp-json\/wp\/v2\/types\/product"}],"replies":[{"embeddable":true,"href":"https:\/\/bock.si\/en\/wp-json\/wp\/v2\/comments?post=13195"}],"wp:featuredmedia":[{"embeddable":true,"href":"https:\/\/bock.si\/en\/wp-json\/wp\/v2\/media\/9282"}],"wp:attachment":[{"href":"https:\/\/bock.si\/en\/wp-json\/wp\/v2\/media?parent=13195"}],"wp:term":[{"taxonomy":"pwb-brand","embeddable":true,"href":"https:\/\/bock.si\/en\/wp-json\/wp\/v2\/pwb-brand?post=13195"},{"taxonomy":"product_brand","embeddable":true,"href":"https:\/\/bock.si\/en\/wp-json\/wp\/v2\/product_brand?post=13195"},{"taxonomy":"product_cat","embeddable":true,"href":"https:\/\/bock.si\/en\/wp-json\/wp\/v2\/product_cat?post=13195"},{"taxonomy":"product_tag","embeddable":true,"href":"https:\/\/bock.si\/en\/wp-json\/wp\/v2\/product_tag?post=13195"}],"curies":[{"name":"wp","href":"https:\/\/api.w.org\/{rel}","templated":true}]}}