{"id":13235,"date":"2025-04-25T01:39:30","date_gmt":"2025-04-24T23:39:30","guid":{"rendered":"https:\/\/bock.starkmat.si\/trgovina\/izdelek\/konus-konuspro-4x32-shooting-binoculars\/"},"modified":"2025-04-25T01:39:30","modified_gmt":"2025-04-24T23:39:30","slug":"konus-konuspro-4x32-shooting-binoculars","status":"publish","type":"product","link":"https:\/\/bock.si\/en\/shop\/konus-konuspro-4x32-shooting-binoculars\/","title":{"rendered":"Konus KONUSPRO 4X32 shooting binoculars"},"content":{"rendered":"<p>&nbsp;<\/p>\n<p><span style=\"font-family: Cairo, sans-serif; font-size: 16px; font-style: normal; font-variant-ligatures: normal; font-variant-caps: normal; font-weight: 400; letter-spacing: normal; text-align: start; text-indent: 0px; text-transform: none; word-spacing: 0px; -webkit-text-stroke-width: 0px; white-space: normal; background-color: rgb(255, 255, 255); text-decoration-thickness: initial; text-decoration-style: initial; text-decoration-color: initial; display: inline !important; float: none;\">Magnification : 4\u00d732<\/span><br style=\"padding: 0px; margin: 0px; box-sizing: border-box; color: rgb(85, 85, 85); font-family: Cairo, sans-serif; font-size: 16px; font-style: normal; font-variant-ligatures: normal; font-variant-caps: normal; font-weight: 400; letter-spacing: normal; orphans: 2; text-align: start; text-indent: 0px; text-transform: none; widows: 2; word-spacing: 0px; -webkit-text-stroke-width: 0px; white-space: normal; background-color: rgb(255, 255, 255); text-decoration-thickness: initial; text-decoration-style: initial; text-decoration-color: initial;\"><span style=\"font-family: Cairo, sans-serif; font-size: 16px; font-style: normal; font-variant-ligatures: normal; font-variant-caps: normal; font-weight: 400; letter-spacing: normal; text-align: start; text-indent: 0px; text-transform: none; word-spacing: 0px; -webkit-text-stroke-width: 0px; white-space: normal; background-color: rgb(255, 255, 255); text-decoration-thickness: initial; text-decoration-style: initial; text-decoration-color: initial; display: inline !important; float: none;\">Hose-tube diameter: 1&#8243;<\/span><br style=\"padding: 0px; margin: 0px; box-sizing: border-box; color: rgb(85, 85, 85); font-family: Cairo, sans-serif; font-size: 16px; font-style: normal; font-variant-ligatures: normal; font-variant-caps: normal; font-weight: 400; letter-spacing: normal; orphans: 2; text-align: start; text-indent: 0px; text-transform: none; widows: 2; word-spacing: 0px; -webkit-text-stroke-width: 0px; white-space: normal; background-color: rgb(255, 255, 255); text-decoration-thickness: initial; text-decoration-style: initial; text-decoration-color: initial;\"><span style=\"font-family: Cairo, sans-serif; font-size: 16px; font-style: normal; font-variant-ligatures: normal; font-variant-caps: normal; font-weight: 400; letter-spacing: normal; text-align: start; text-indent: 0px; text-transform: none; word-spacing: 0px; -webkit-text-stroke-width: 0px; white-space: normal; background-color: rgb(255, 255, 255); text-decoration-thickness: initial; text-decoration-style: initial; text-decoration-color: initial; display: inline !important; float: none;\">Intended cross: 30\/30<\/span><br style=\"padding: 0px; margin: 0px; box-sizing: border-box; color: rgb(85, 85, 85); font-family: Cairo, sans-serif; font-size: 16px; font-style: normal; font-variant-ligatures: normal; font-variant-caps: normal; font-weight: 400; letter-spacing: normal; orphans: 2; text-align: start; text-indent: 0px; text-transform: none; widows: 2; word-spacing: 0px; -webkit-text-stroke-width: 0px; white-space: normal; background-color: rgb(255, 255, 255); text-decoration-thickness: initial; text-decoration-style: initial; text-decoration-color: initial;\"><span style=\"font-family: Cairo, sans-serif; font-size: 16px; font-style: normal; font-variant-ligatures: normal; font-variant-caps: normal; font-weight: 400; letter-spacing: normal; text-align: start; text-indent: 0px; text-transform: none; word-spacing: 0px; -webkit-text-stroke-width: 0px; white-space: normal; background-color: rgb(255, 255, 255); text-decoration-thickness: initial; text-decoration-style: initial; text-decoration-color: initial; display: inline !important; float: none;\">Finish: matt<\/span><br style=\"padding: 0px; margin: 0px; box-sizing: border-box; color: rgb(85, 85, 85); font-family: Cairo, sans-serif; font-size: 16px; font-style: normal; font-variant-ligatures: normal; font-variant-caps: normal; font-weight: 400; letter-spacing: normal; orphans: 2; text-align: start; text-indent: 0px; text-transform: none; widows: 2; word-spacing: 0px; -webkit-text-stroke-width: 0px; white-space: normal; background-color: rgb(255, 255, 255); text-decoration-thickness: initial; text-decoration-style: initial; text-decoration-color: initial;\"><span style=\"font-family: Cairo, sans-serif; font-size: 16px; font-style: normal; font-variant-ligatures: normal; font-variant-caps: normal; font-weight: 400; letter-spacing: normal; text-align: start; text-indent: 0px; text-transform: none; word-spacing: 0px; -webkit-text-stroke-width: 0px; white-space: normal; background-color: rgb(255, 255, 255); text-decoration-thickness: initial; text-decoration-style: initial; text-decoration-color: initial; display: inline !important; float: none;\">Output pupil: 8 mm<\/span><br style=\"padding: 0px; margin: 0px; box-sizing: border-box; color: rgb(85, 85, 85); font-family: Cairo, sans-serif; font-size: 16px; font-style: normal; font-variant-ligatures: normal; font-variant-caps: normal; font-weight: 400; letter-spacing: normal; orphans: 2; text-align: start; text-indent: 0px; text-transform: none; widows: 2; word-spacing: 0px; -webkit-text-stroke-width: 0px; white-space: normal; background-color: rgb(255, 255, 255); text-decoration-thickness: initial; text-decoration-style: initial; text-decoration-color: initial;\"><span style=\"font-family: Cairo, sans-serif; font-size: 16px; font-style: normal; font-variant-ligatures: normal; font-variant-caps: normal; font-weight: 400; letter-spacing: normal; text-align: start; text-indent: 0px; text-transform: none; word-spacing: 0px; -webkit-text-stroke-width: 0px; white-space: normal; background-color: rgb(255, 255, 255); text-decoration-thickness: initial; text-decoration-style: initial; text-decoration-color: initial; display: inline !important; float: none;\">Weight: 360 gr &#8211; 12.7oz<\/span><br style=\"padding: 0px; margin: 0px; box-sizing: border-box; color: rgb(85, 85, 85); font-family: Cairo, sans-serif; font-size: 16px; font-style: normal; font-variant-ligatures: normal; font-variant-caps: normal; font-weight: 400; letter-spacing: normal; orphans: 2; text-align: start; text-indent: 0px; text-transform: none; widows: 2; word-spacing: 0px; -webkit-text-stroke-width: 0px; white-space: normal; background-color: rgb(255, 255, 255); text-decoration-thickness: initial; text-decoration-style: initial; text-decoration-color: initial;\"><span style=\"font-family: Cairo, sans-serif; font-size: 16px; font-style: normal; font-variant-ligatures: normal; font-variant-caps: normal; font-weight: 400; letter-spacing: normal; text-align: start; text-indent: 0px; text-transform: none; word-spacing: 0px; -webkit-text-stroke-width: 0px; white-space: normal; background-color: rgb(255, 255, 255); text-decoration-thickness: initial; text-decoration-style: initial; text-decoration-color: initial; display: inline !important; float: none;\">Length: 244 mm &#8211; 9.6&#8243;<\/span><br style=\"padding: 0px; margin: 0px; box-sizing: border-box; color: rgb(85, 85, 85); font-family: Cairo, sans-serif; font-size: 16px; font-style: normal; font-variant-ligatures: normal; font-variant-caps: normal; font-weight: 400; letter-spacing: normal; orphans: 2; text-align: start; text-indent: 0px; text-transform: none; widows: 2; word-spacing: 0px; -webkit-text-stroke-width: 0px; white-space: normal; background-color: rgb(255, 255, 255); text-decoration-thickness: initial; text-decoration-style: initial; text-decoration-color: initial;\"><span style=\"font-family: Cairo, sans-serif; font-size: 16px; font-style: normal; font-variant-ligatures: normal; font-variant-caps: normal; font-weight: 400; letter-spacing: normal; text-align: start; text-indent: 0px; text-transform: none; word-spacing: 0px; -webkit-text-stroke-width: 0px; white-space: normal; background-color: rgb(255, 255, 255); text-decoration-thickness: initial; text-decoration-style: initial; text-decoration-color: initial; display: inline !important; float: none;\">Distance from eye to lens: 11 4mm &#8211; 4.5&#8243;<\/span><br style=\"padding: 0px; margin: 0px; box-sizing: border-box; color: rgb(85, 85, 85); font-family: Cairo, sans-serif; font-size: 16px; font-style: normal; font-variant-ligatures: normal; font-variant-caps: normal; font-weight: 400; letter-spacing: normal; orphans: 2; text-align: start; text-indent: 0px; text-transform: none; widows: 2; word-spacing: 0px; -webkit-text-stroke-width: 0px; white-space: normal; background-color: rgb(255, 255, 255); text-decoration-thickness: initial; text-decoration-style: initial; text-decoration-color: initial;\"><span style=\"font-family: Cairo, sans-serif; font-size: 16px; font-style: normal; font-variant-ligatures: normal; font-variant-caps: normal; font-weight: 400; letter-spacing: normal; text-align: start; text-indent: 0px; text-transform: none; word-spacing: 0px; -webkit-text-stroke-width: 0px; white-space: normal; background-color: rgb(255, 255, 255); text-decoration-thickness: initial; text-decoration-style: initial; text-decoration-color: initial; display: inline !important; float: none;\">Field of vision per 100 metres 8. 8m &#8211; 29f <\/span><br style=\"padding: 0px; margin: 0px; box-sizing: border-box; color: rgb(85, 85, 85); font-family: Cairo, sans-serif; font-size: 16px; font-style: normal; font-variant-ligatures: normal; font-variant-caps: normal; font-weight: 400; letter-spacing: normal; orphans: 2; text-align: start; text-indent: 0px; text-transform: none; widows: 2; word-spacing: 0px; -webkit-text-stroke-width: 0px; white-space: normal; background-color: rgb(255, 255, 255); text-decoration-thickness: initial; text-decoration-style: initial; text-decoration-color: initial;\"><span style=\"font-family: Cairo, sans-serif; font-size: 16px; font-style: normal; font-variant-ligatures: normal; font-variant-caps: normal; font-weight: 400; letter-spacing: normal; text-align: start; text-indent: 0px; text-transform: none; word-spacing: 0px; -webkit-text-stroke-width: 0px; white-space: normal; background-color: rgb(255, 255, 255); text-decoration-thickness: initial; text-decoration-style: initial; text-decoration-color: initial; display: inline !important; float: none;\">Cross travel per 100 metres after click: 1\/4 M.O.A. (7.25 mm)<\/span><br style=\"padding: 0px; margin: 0px; box-sizing: border-box; color: rgb(85, 85, 85); font-family: Cairo, sans-serif; font-size: 16px; font-style: normal; font-variant-ligatures: normal; font-variant-caps: normal; font-weight: 400; letter-spacing: normal; orphans: 2; text-align: start; text-indent: 0px; text-transform: none; widows: 2; word-spacing: 0px; -webkit-text-stroke-width: 0px; white-space: normal; background-color: rgb(255, 255, 255); text-decoration-thickness: initial; text-decoration-style: initial; text-decoration-color: initial;\"><span style=\"font-family: Cairo, sans-serif; font-size: 16px; font-style: normal; font-variant-ligatures: normal; font-variant-caps: normal; font-weight: 400; letter-spacing: normal; text-align: start; text-indent: 0px; text-transform: none; word-spacing: 0px; -webkit-text-stroke-width: 0px; white-space: normal; background-color: rgb(255, 255, 255); text-decoration-thickness: initial; text-decoration-style: initial; text-decoration-color: initial; display: inline !important; float: none;\">Maximum internal adjustment: 1.6 m &#8211; 69&#8243;<\/span><br style=\"padding: 0px; margin: 0px; box-sizing: border-box; color: rgb(85, 85, 85); font-family: Cairo, sans-serif; font-size: 16px; font-style: normal; font-variant-ligatures: normal; font-variant-caps: normal; font-weight: 400; letter-spacing: normal; orphans: 2; text-align: start; text-indent: 0px; text-transform: none; widows: 2; word-spacing: 0px; -webkit-text-stroke-width: 0px; white-space: normal; background-color: rgb(255, 255, 255); text-decoration-thickness: initial; text-decoration-style: initial; text-decoration-color: initial;\"><span style=\"font-family: Cairo, sans-serif; font-size: 16px; font-style: normal; font-variant-ligatures: normal; font-variant-caps: normal; font-weight: 400; letter-spacing: normal; text-align: start; text-indent: 0px; text-transform: none; word-spacing: 0px; -webkit-text-stroke-width: 0px; white-space: normal; background-color: rgb(255, 255, 255); text-decoration-thickness: initial; text-decoration-style: initial; text-decoration-color: initial; display: inline !important; float: none;\">Parallax setting: 68.5 m<\/span><br style=\"padding: 0px; margin: 0px; box-sizing: border-box; color: rgb(85, 85, 85); font-family: Cairo, sans-serif; font-size: 16px; font-style: normal; font-variant-ligatures: normal; font-variant-caps: normal; font-weight: 400; letter-spacing: normal; orphans: 2; text-align: start; text-indent: 0px; text-transform: none; widows: 2; word-spacing: 0px; -webkit-text-stroke-width: 0px; white-space: normal; background-color: rgb(255, 255, 255); text-decoration-thickness: initial; text-decoration-style: initial; text-decoration-color: initial;\"><span style=\"font-family: Cairo, sans-serif; font-size: 16px; font-style: normal; font-variant-ligatures: normal; font-variant-caps: normal; font-weight: 400; letter-spacing: normal; text-align: start; text-indent: 0px; text-transform: none; word-spacing: 0px; -webkit-text-stroke-width: 0px; white-space: normal; background-color: rgb(255, 255, 255); text-decoration-thickness: initial; text-decoration-style: initial; text-decoration-color: initial; display: inline !important; float: none;\">Mounting length mm\/inch 103mm &#8211; 4.07&#8243;<\/span><\/p>\n<p>&nbsp;<\/p>\n<p>&nbsp;<\/p>\n<pre class=\"tw-data-text tw-text-large tw-ta\" data-placeholder=\"Prevod\" id=\"tw-target-text\" aria-label=\"Prevedeno besedilo\" data-ved=\"2ahUKEwjhj8PuvJuFAxWr_rsIHffRD_AQ3ewLegQIBRAU\" dir=\"ltr\" style=\"unicode-bidi: isolate; font-size: 28px; line-height: 36px; background-color: rgb(248, 249, 250); border: none; padding: 2px 0.14em 2px 0px; position: relative; margin: -2px 0px; resize: none; font-family: inherit; overflow: hidden; text-align: left; width: 270px; white-space: pre-wrap; overflow-wrap: break-word; color: rgb(31, 31, 31); font-style: normal; font-variant-ligatures: normal; font-variant-caps: normal; font-weight: 400; letter-spacing: normal; orphans: 2; text-indent: 0px; text-transform: none; widows: 2; word-spacing: 0px; -webkit-text-stroke-width: 0px; text-decoration-thickness: initial; text-decoration-style: initial; text-decoration-color: initial;\"><span style=\"font-size: medium;\"><span class=\"Y2IQFc\" lang=\"sl\">ZARADI FIKSNE MO\u00c4\u0152I IN KOMPAKTNE ZASNOVE KONUSPRO 4X32 JE IDEALEN ZA UPORABO S PU\u0160KAMI KALIBRA .22 IN JE ODLI\u00c4\u0152NA IZBIRA ZA STRELJANJE NA KRATKE DO SREDNJE RAZDALJE, KOT TUDI ZA HITRO GIBAJO\u00c4\u0152E SE TAR\u00c4\u0152E.  <\/span><\/span><span class=\"Y2IQFc\" lang=\"sl\"> <\/span><span style=\"font-size: medium;\"><span class=\"Y2IQFc\" lang=\"sl\">Ima nezlomljivo steklo z vgraviranim namerilnim kri\u017eem 30-30. Optika z ve\u010d nanosi zagotavlja izbolj\u0161an prenos svetlobe, kupole, nastavljive s prstom, pa je enostavno nastaviti tudi  v rokavicah. Paralaksa je nastavljena na 75 jardov. 4X32 je opremljen z monta\u017enimi obro\u010di, ki so primerni za osnove za MK pu\u0161ke (tj.: .22 itd.). Kot pri vseh daljnogledih Konus so polnjeni z du\u0161ikom za resni\u010dno nepremo\u010dljivo in neprepustno celovitost ter so odporni na udarce.<\/span><\/span><\/pre>\n<p>&nbsp;<\/p>\n","protected":false},"excerpt":{"rendered":"<p>&nbsp; Magnification : 4\u00d732Hose-tube diameter: 1&#8243;Intended cross: 30\/30Finish: mattOutput pupil: 8 mmWeight: 360 gr &#8211; 12.7ozLength: 244 mm &#8211; 9.6&#8243;Distance from eye to lens: 11 4mm &#8211; 4.5&#8243;Field of vision per 100 metres 8. 8m &#8211; 29f Cross travel per 100 metres after click: 1\/4 M.O.A. (7.25 mm)Maximum internal adjustment: 1.6 m &#8211; 69&#8243;Parallax setting:&hellip;<\/p>\n","protected":false},"featured_media":10050,"comment_status":"closed","ping_status":"closed","template":"","meta":{"inline_featured_image":false},"pwb-brand":[],"product_brand":[],"product_cat":[50,712,701],"product_tag":[],"class_list":{"0":"post-13235","1":"product","2":"type-product","3":"status-publish","4":"has-post-thumbnail","6":"product_cat-optics","7":"product_cat-other-scopes","8":"product_cat-riflescopes","9":"description-off","11":"first","12":"onbackorder","13":"taxable","14":"shipping-taxable","15":"purchasable","16":"product-type-simple"},"yoast_head":"<!-- This site is optimized with the Yoast SEO plugin v27.2 - https:\/\/yoast.com\/product\/yoast-seo-wordpress\/ -->\n<title>Konus KONUSPRO 4X32 shooting binoculars - BOCK Kranj<\/title>\n<meta name=\"robots\" content=\"index, follow, max-snippet:-1, max-image-preview:large, max-video-preview:-1\" \/>\n<link rel=\"canonical\" href=\"https:\/\/bock.si\/en\/shop\/konus-konuspro-4x32-shooting-binoculars\/\" \/>\n<meta property=\"og:locale\" content=\"en_US\" \/>\n<meta property=\"og:type\" content=\"article\" \/>\n<meta property=\"og:title\" content=\"Konus KONUSPRO 4X32 shooting binoculars - BOCK Kranj\" \/>\n<meta property=\"og:description\" content=\"&nbsp; Magnification : 4\u00d732Hose-tube diameter: 1&#8243;Intended cross: 30\/30Finish: mattOutput pupil: 8 mmWeight: 360 gr &#8211; 12.7ozLength: 244 mm &#8211; 9.6&#8243;Distance from eye to lens: 11 4mm &#8211; 4.5&#8243;Field of vision per 100 metres 8. 8m &#8211; 29f Cross travel per 100 metres after click: 1\/4 M.O.A. (7.25 mm)Maximum internal adjustment: 1.6 m &#8211; 69&#8243;Parallax setting:&hellip;\" \/>\n<meta property=\"og:url\" content=\"https:\/\/bock.si\/en\/shop\/konus-konuspro-4x32-shooting-binoculars\/\" \/>\n<meta property=\"og:site_name\" content=\"BOCK Kranj\" \/>\n<meta property=\"article:publisher\" content=\"https:\/\/www.facebook.com\/BockKranj\" \/>\n<meta property=\"og:image\" content=\"https:\/\/bock.si\/wp-content\/uploads\/2025\/04\/1486745764.3915_7262mala-1.webp\" \/>\n\t<meta property=\"og:image:width\" content=\"600\" \/>\n\t<meta property=\"og:image:height\" content=\"399\" \/>\n\t<meta property=\"og:image:type\" content=\"image\/jpeg\" \/>\n<meta name=\"twitter:card\" content=\"summary_large_image\" \/>\n<meta name=\"twitter:label1\" content=\"Est. reading time\" \/>\n\t<meta name=\"twitter:data1\" content=\"1 minute\" \/>\n<script type=\"application\/ld+json\" class=\"yoast-schema-graph\">{\"@context\":\"https:\/\/schema.org\",\"@graph\":[{\"@type\":\"WebPage\",\"@id\":\"https:\/\/bock.si\/en\/shop\/konus-konuspro-4x32-shooting-binoculars\/\",\"url\":\"https:\/\/bock.si\/en\/shop\/konus-konuspro-4x32-shooting-binoculars\/\",\"name\":\"Konus KONUSPRO 4X32 shooting binoculars - BOCK Kranj\",\"isPartOf\":{\"@id\":\"https:\/\/bock.si\/#website\"},\"primaryImageOfPage\":{\"@id\":\"https:\/\/bock.si\/en\/shop\/konus-konuspro-4x32-shooting-binoculars\/#primaryimage\"},\"image\":{\"@id\":\"https:\/\/bock.si\/en\/shop\/konus-konuspro-4x32-shooting-binoculars\/#primaryimage\"},\"thumbnailUrl\":\"https:\/\/bock.si\/wp-content\/uploads\/2025\/04\/1486745764.3915_7262mala-1.jpg\",\"datePublished\":\"2025-04-24T23:39:30+00:00\",\"breadcrumb\":{\"@id\":\"https:\/\/bock.si\/en\/shop\/konus-konuspro-4x32-shooting-binoculars\/#breadcrumb\"},\"inLanguage\":\"en-US\",\"potentialAction\":[{\"@type\":\"ReadAction\",\"target\":[\"https:\/\/bock.si\/en\/shop\/konus-konuspro-4x32-shooting-binoculars\/\"]}]},{\"@type\":\"ImageObject\",\"inLanguage\":\"en-US\",\"@id\":\"https:\/\/bock.si\/en\/shop\/konus-konuspro-4x32-shooting-binoculars\/#primaryimage\",\"url\":\"https:\/\/bock.si\/wp-content\/uploads\/2025\/04\/1486745764.3915_7262mala-1.jpg\",\"contentUrl\":\"https:\/\/bock.si\/wp-content\/uploads\/2025\/04\/1486745764.3915_7262mala-1.jpg\",\"width\":600,\"height\":399},{\"@type\":\"BreadcrumbList\",\"@id\":\"https:\/\/bock.si\/en\/shop\/konus-konuspro-4x32-shooting-binoculars\/#breadcrumb\",\"itemListElement\":[{\"@type\":\"ListItem\",\"position\":1,\"name\":\"Home\",\"item\":\"https:\/\/bock.si\/en\/\"},{\"@type\":\"ListItem\",\"position\":2,\"name\":\"Shop\",\"item\":\"https:\/\/bock.si\/en\/shop\/\"},{\"@type\":\"ListItem\",\"position\":3,\"name\":\"Konus KONUSPRO 4X32 shooting binoculars\"}]},{\"@type\":\"WebSite\",\"@id\":\"https:\/\/bock.si\/#website\",\"url\":\"https:\/\/bock.si\/\",\"name\":\"BOCK Kranj\",\"description\":\"Gunsmithing and shop\",\"publisher\":{\"@id\":\"https:\/\/bock.si\/#organization\"},\"potentialAction\":[{\"@type\":\"SearchAction\",\"target\":{\"@type\":\"EntryPoint\",\"urlTemplate\":\"https:\/\/bock.si\/?s={search_term_string}\"},\"query-input\":{\"@type\":\"PropertyValueSpecification\",\"valueRequired\":true,\"valueName\":\"search_term_string\"}}],\"inLanguage\":\"en-US\"},{\"@type\":\"Organization\",\"@id\":\"https:\/\/bock.si\/#organization\",\"name\":\"BOCK Kranj\",\"url\":\"https:\/\/bock.si\/\",\"logo\":{\"@type\":\"ImageObject\",\"inLanguage\":\"en-US\",\"@id\":\"https:\/\/bock.si\/#\/schema\/logo\/image\/\",\"url\":\"https:\/\/bock.si\/wp-content\/uploads\/2025\/09\/bock-logo-sq.jpg\",\"contentUrl\":\"https:\/\/bock.si\/wp-content\/uploads\/2025\/09\/bock-logo-sq.jpg\",\"width\":696,\"height\":696,\"caption\":\"BOCK Kranj\"},\"image\":{\"@id\":\"https:\/\/bock.si\/#\/schema\/logo\/image\/\"},\"sameAs\":[\"https:\/\/www.facebook.com\/BockKranj\",\"https:\/\/www.instagram.com\/bockkranjofficial\/\"]}]}<\/script>\n<!-- \/ Yoast SEO plugin. -->","yoast_head_json":{"title":"Konus KONUSPRO 4X32 shooting binoculars - BOCK Kranj","robots":{"index":"index","follow":"follow","max-snippet":"max-snippet:-1","max-image-preview":"max-image-preview:large","max-video-preview":"max-video-preview:-1"},"canonical":"https:\/\/bock.si\/en\/shop\/konus-konuspro-4x32-shooting-binoculars\/","og_locale":"en_US","og_type":"article","og_title":"Konus KONUSPRO 4X32 shooting binoculars - BOCK Kranj","og_description":"&nbsp; Magnification : 4\u00d732Hose-tube diameter: 1&#8243;Intended cross: 30\/30Finish: mattOutput pupil: 8 mmWeight: 360 gr &#8211; 12.7ozLength: 244 mm &#8211; 9.6&#8243;Distance from eye to lens: 11 4mm &#8211; 4.5&#8243;Field of vision per 100 metres 8. 8m &#8211; 29f Cross travel per 100 metres after click: 1\/4 M.O.A. (7.25 mm)Maximum internal adjustment: 1.6 m &#8211; 69&#8243;Parallax setting:&hellip;","og_url":"https:\/\/bock.si\/en\/shop\/konus-konuspro-4x32-shooting-binoculars\/","og_site_name":"BOCK Kranj","article_publisher":"https:\/\/www.facebook.com\/BockKranj","og_image":[{"width":600,"height":399,"url":"https:\/\/bock.si\/wp-content\/uploads\/2025\/04\/1486745764.3915_7262mala-1.webp","type":"image\/jpeg"}],"twitter_card":"summary_large_image","twitter_misc":{"Est. reading time":"1 minute"},"schema":{"@context":"https:\/\/schema.org","@graph":[{"@type":"WebPage","@id":"https:\/\/bock.si\/en\/shop\/konus-konuspro-4x32-shooting-binoculars\/","url":"https:\/\/bock.si\/en\/shop\/konus-konuspro-4x32-shooting-binoculars\/","name":"Konus KONUSPRO 4X32 shooting binoculars - BOCK Kranj","isPartOf":{"@id":"https:\/\/bock.si\/#website"},"primaryImageOfPage":{"@id":"https:\/\/bock.si\/en\/shop\/konus-konuspro-4x32-shooting-binoculars\/#primaryimage"},"image":{"@id":"https:\/\/bock.si\/en\/shop\/konus-konuspro-4x32-shooting-binoculars\/#primaryimage"},"thumbnailUrl":"https:\/\/bock.si\/wp-content\/uploads\/2025\/04\/1486745764.3915_7262mala-1.jpg","datePublished":"2025-04-24T23:39:30+00:00","breadcrumb":{"@id":"https:\/\/bock.si\/en\/shop\/konus-konuspro-4x32-shooting-binoculars\/#breadcrumb"},"inLanguage":"en-US","potentialAction":[{"@type":"ReadAction","target":["https:\/\/bock.si\/en\/shop\/konus-konuspro-4x32-shooting-binoculars\/"]}]},{"@type":"ImageObject","inLanguage":"en-US","@id":"https:\/\/bock.si\/en\/shop\/konus-konuspro-4x32-shooting-binoculars\/#primaryimage","url":"https:\/\/bock.si\/wp-content\/uploads\/2025\/04\/1486745764.3915_7262mala-1.jpg","contentUrl":"https:\/\/bock.si\/wp-content\/uploads\/2025\/04\/1486745764.3915_7262mala-1.jpg","width":600,"height":399},{"@type":"BreadcrumbList","@id":"https:\/\/bock.si\/en\/shop\/konus-konuspro-4x32-shooting-binoculars\/#breadcrumb","itemListElement":[{"@type":"ListItem","position":1,"name":"Home","item":"https:\/\/bock.si\/en\/"},{"@type":"ListItem","position":2,"name":"Shop","item":"https:\/\/bock.si\/en\/shop\/"},{"@type":"ListItem","position":3,"name":"Konus KONUSPRO 4X32 shooting binoculars"}]},{"@type":"WebSite","@id":"https:\/\/bock.si\/#website","url":"https:\/\/bock.si\/","name":"BOCK Kranj","description":"Gunsmithing and shop","publisher":{"@id":"https:\/\/bock.si\/#organization"},"potentialAction":[{"@type":"SearchAction","target":{"@type":"EntryPoint","urlTemplate":"https:\/\/bock.si\/?s={search_term_string}"},"query-input":{"@type":"PropertyValueSpecification","valueRequired":true,"valueName":"search_term_string"}}],"inLanguage":"en-US"},{"@type":"Organization","@id":"https:\/\/bock.si\/#organization","name":"BOCK Kranj","url":"https:\/\/bock.si\/","logo":{"@type":"ImageObject","inLanguage":"en-US","@id":"https:\/\/bock.si\/#\/schema\/logo\/image\/","url":"https:\/\/bock.si\/wp-content\/uploads\/2025\/09\/bock-logo-sq.jpg","contentUrl":"https:\/\/bock.si\/wp-content\/uploads\/2025\/09\/bock-logo-sq.jpg","width":696,"height":696,"caption":"BOCK Kranj"},"image":{"@id":"https:\/\/bock.si\/#\/schema\/logo\/image\/"},"sameAs":["https:\/\/www.facebook.com\/BockKranj","https:\/\/www.instagram.com\/bockkranjofficial\/"]}]}},"brands":[],"_links":{"self":[{"href":"https:\/\/bock.si\/en\/wp-json\/wp\/v2\/product\/13235","targetHints":{"allow":["GET"]}}],"collection":[{"href":"https:\/\/bock.si\/en\/wp-json\/wp\/v2\/product"}],"about":[{"href":"https:\/\/bock.si\/en\/wp-json\/wp\/v2\/types\/product"}],"replies":[{"embeddable":true,"href":"https:\/\/bock.si\/en\/wp-json\/wp\/v2\/comments?post=13235"}],"wp:featuredmedia":[{"embeddable":true,"href":"https:\/\/bock.si\/en\/wp-json\/wp\/v2\/media\/10050"}],"wp:attachment":[{"href":"https:\/\/bock.si\/en\/wp-json\/wp\/v2\/media?parent=13235"}],"wp:term":[{"taxonomy":"pwb-brand","embeddable":true,"href":"https:\/\/bock.si\/en\/wp-json\/wp\/v2\/pwb-brand?post=13235"},{"taxonomy":"product_brand","embeddable":true,"href":"https:\/\/bock.si\/en\/wp-json\/wp\/v2\/product_brand?post=13235"},{"taxonomy":"product_cat","embeddable":true,"href":"https:\/\/bock.si\/en\/wp-json\/wp\/v2\/product_cat?post=13235"},{"taxonomy":"product_tag","embeddable":true,"href":"https:\/\/bock.si\/en\/wp-json\/wp\/v2\/product_tag?post=13235"}],"curies":[{"name":"wp","href":"https:\/\/api.w.org\/{rel}","templated":true}]}}