{"id":16196,"date":"2025-10-02T10:43:53","date_gmt":"2025-10-02T08:43:53","guid":{"rendered":"https:\/\/bock.si\/trgovina\/cleaning-set-for-pistols-caliber-9mm-38-357\/"},"modified":"2025-10-02T10:43:53","modified_gmt":"2025-10-02T08:43:53","slug":"cleaning-set-for-pistols-caliber-9mm-38-357","status":"publish","type":"product","link":"https:\/\/bock.si\/en\/shop\/cleaning-set-for-pistols-caliber-9mm-38-357\/","title":{"rendered":"Cleaning set for pistols caliber 9mm \/.38 \/.357"},"content":{"rendered":"<pre id=\"tw-target-text\" class=\"tw-data-text tw-text-large tw-ta\" dir=\"ltr\" tabindex=\"-1\" role=\"text\" data-placeholder=\"Prevod\" data-ved=\"2ahUKEwjryYmpj4WQAxVDh_0HHdybOtUQ3ewLegQIChAV\" aria-label=\"Prevedeno besedilo: z dvodelno \u010distilno palico in \u0161\u010detkami Kaliber 38 Notranji navoj 1\/8\"\"><span class=\"Y2IQFc\" lang=\"sl\">with two-part cleaning rod and brushes\n\n Caliber 38\n Internal thread 1\/8\"<\/span><\/pre>\n","protected":false},"excerpt":{"rendered":"","protected":false},"featured_media":16195,"comment_status":"closed","ping_status":"closed","template":"","meta":{"inline_featured_image":false},"pwb-brand":[80],"product_brand":[],"product_cat":[571],"product_tag":[],"class_list":{"0":"post-16196","1":"product","2":"type-product","3":"status-publish","4":"has-post-thumbnail","6":"pwb-brand-akah","7":"product_cat-weapon-care-and-cleaning-products","8":"description-off","10":"first","11":"instock","12":"taxable","13":"shipping-taxable","14":"purchasable","15":"product-type-simple"},"yoast_head":"<!-- This site is optimized with the Yoast SEO plugin v27.2 - https:\/\/yoast.com\/product\/yoast-seo-wordpress\/ -->\n<title>Cleaning set for pistols caliber 9mm \/.38 \/.357 - BOCK Kranj<\/title>\n<meta name=\"robots\" content=\"index, follow, max-snippet:-1, max-image-preview:large, max-video-preview:-1\" \/>\n<link rel=\"canonical\" href=\"https:\/\/bock.si\/en\/shop\/cleaning-set-for-pistols-caliber-9mm-38-357\/\" \/>\n<meta property=\"og:locale\" content=\"en_US\" \/>\n<meta property=\"og:type\" content=\"article\" \/>\n<meta property=\"og:title\" content=\"Cleaning set for pistols caliber 9mm \/.38 \/.357 - BOCK Kranj\" \/>\n<meta property=\"og:url\" content=\"https:\/\/bock.si\/en\/shop\/cleaning-set-for-pistols-caliber-9mm-38-357\/\" \/>\n<meta property=\"og:site_name\" content=\"BOCK Kranj\" \/>\n<meta property=\"article:publisher\" content=\"https:\/\/www.facebook.com\/BockKranj\" \/>\n<meta property=\"og:image\" content=\"https:\/\/bock.si\/wp-content\/uploads\/2025\/10\/cistilni-set-9mm.jpg\" \/>\n\t<meta property=\"og:image:width\" content=\"800\" \/>\n\t<meta property=\"og:image:height\" content=\"800\" \/>\n\t<meta property=\"og:image:type\" content=\"image\/jpeg\" \/>\n<meta name=\"twitter:card\" content=\"summary_large_image\" \/>\n<script type=\"application\/ld+json\" class=\"yoast-schema-graph\">{\"@context\":\"https:\/\/schema.org\",\"@graph\":[{\"@type\":\"WebPage\",\"@id\":\"https:\/\/bock.si\/en\/shop\/cleaning-set-for-pistols-caliber-9mm-38-357\/\",\"url\":\"https:\/\/bock.si\/en\/shop\/cleaning-set-for-pistols-caliber-9mm-38-357\/\",\"name\":\"Cleaning set for pistols caliber 9mm \/.38 \/.357 - BOCK Kranj\",\"isPartOf\":{\"@id\":\"https:\/\/bock.si\/#website\"},\"primaryImageOfPage\":{\"@id\":\"https:\/\/bock.si\/en\/shop\/cleaning-set-for-pistols-caliber-9mm-38-357\/#primaryimage\"},\"image\":{\"@id\":\"https:\/\/bock.si\/en\/shop\/cleaning-set-for-pistols-caliber-9mm-38-357\/#primaryimage\"},\"thumbnailUrl\":\"https:\/\/bock.si\/wp-content\/uploads\/2025\/10\/cistilni-set-9mm.jpg\",\"datePublished\":\"2025-10-02T08:43:53+00:00\",\"breadcrumb\":{\"@id\":\"https:\/\/bock.si\/en\/shop\/cleaning-set-for-pistols-caliber-9mm-38-357\/#breadcrumb\"},\"inLanguage\":\"en-US\",\"potentialAction\":[{\"@type\":\"ReadAction\",\"target\":[\"https:\/\/bock.si\/en\/shop\/cleaning-set-for-pistols-caliber-9mm-38-357\/\"]}]},{\"@type\":\"ImageObject\",\"inLanguage\":\"en-US\",\"@id\":\"https:\/\/bock.si\/en\/shop\/cleaning-set-for-pistols-caliber-9mm-38-357\/#primaryimage\",\"url\":\"https:\/\/bock.si\/wp-content\/uploads\/2025\/10\/cistilni-set-9mm.jpg\",\"contentUrl\":\"https:\/\/bock.si\/wp-content\/uploads\/2025\/10\/cistilni-set-9mm.jpg\",\"width\":800,\"height\":800},{\"@type\":\"BreadcrumbList\",\"@id\":\"https:\/\/bock.si\/en\/shop\/cleaning-set-for-pistols-caliber-9mm-38-357\/#breadcrumb\",\"itemListElement\":[{\"@type\":\"ListItem\",\"position\":1,\"name\":\"Home\",\"item\":\"https:\/\/bock.si\/en\/\"},{\"@type\":\"ListItem\",\"position\":2,\"name\":\"Shop\",\"item\":\"https:\/\/bock.si\/en\/shop\/\"},{\"@type\":\"ListItem\",\"position\":3,\"name\":\"Cleaning set for pistols caliber 9mm \/.38 \/.357\"}]},{\"@type\":\"WebSite\",\"@id\":\"https:\/\/bock.si\/#website\",\"url\":\"https:\/\/bock.si\/\",\"name\":\"BOCK Kranj\",\"description\":\"Gunsmithing and shop\",\"publisher\":{\"@id\":\"https:\/\/bock.si\/#organization\"},\"potentialAction\":[{\"@type\":\"SearchAction\",\"target\":{\"@type\":\"EntryPoint\",\"urlTemplate\":\"https:\/\/bock.si\/?s={search_term_string}\"},\"query-input\":{\"@type\":\"PropertyValueSpecification\",\"valueRequired\":true,\"valueName\":\"search_term_string\"}}],\"inLanguage\":\"en-US\"},{\"@type\":\"Organization\",\"@id\":\"https:\/\/bock.si\/#organization\",\"name\":\"BOCK Kranj\",\"url\":\"https:\/\/bock.si\/\",\"logo\":{\"@type\":\"ImageObject\",\"inLanguage\":\"en-US\",\"@id\":\"https:\/\/bock.si\/#\/schema\/logo\/image\/\",\"url\":\"https:\/\/bock.si\/wp-content\/uploads\/2025\/09\/bock-logo-sq.jpg\",\"contentUrl\":\"https:\/\/bock.si\/wp-content\/uploads\/2025\/09\/bock-logo-sq.jpg\",\"width\":696,\"height\":696,\"caption\":\"BOCK Kranj\"},\"image\":{\"@id\":\"https:\/\/bock.si\/#\/schema\/logo\/image\/\"},\"sameAs\":[\"https:\/\/www.facebook.com\/BockKranj\",\"https:\/\/www.instagram.com\/bockkranjofficial\/\"]}]}<\/script>\n<!-- \/ Yoast SEO plugin. -->","yoast_head_json":{"title":"Cleaning set for pistols caliber 9mm \/.38 \/.357 - BOCK Kranj","robots":{"index":"index","follow":"follow","max-snippet":"max-snippet:-1","max-image-preview":"max-image-preview:large","max-video-preview":"max-video-preview:-1"},"canonical":"https:\/\/bock.si\/en\/shop\/cleaning-set-for-pistols-caliber-9mm-38-357\/","og_locale":"en_US","og_type":"article","og_title":"Cleaning set for pistols caliber 9mm \/.38 \/.357 - BOCK Kranj","og_url":"https:\/\/bock.si\/en\/shop\/cleaning-set-for-pistols-caliber-9mm-38-357\/","og_site_name":"BOCK Kranj","article_publisher":"https:\/\/www.facebook.com\/BockKranj","og_image":[{"width":800,"height":800,"url":"https:\/\/bock.si\/wp-content\/uploads\/2025\/10\/cistilni-set-9mm.jpg","type":"image\/jpeg"}],"twitter_card":"summary_large_image","schema":{"@context":"https:\/\/schema.org","@graph":[{"@type":"WebPage","@id":"https:\/\/bock.si\/en\/shop\/cleaning-set-for-pistols-caliber-9mm-38-357\/","url":"https:\/\/bock.si\/en\/shop\/cleaning-set-for-pistols-caliber-9mm-38-357\/","name":"Cleaning set for pistols caliber 9mm \/.38 \/.357 - BOCK Kranj","isPartOf":{"@id":"https:\/\/bock.si\/#website"},"primaryImageOfPage":{"@id":"https:\/\/bock.si\/en\/shop\/cleaning-set-for-pistols-caliber-9mm-38-357\/#primaryimage"},"image":{"@id":"https:\/\/bock.si\/en\/shop\/cleaning-set-for-pistols-caliber-9mm-38-357\/#primaryimage"},"thumbnailUrl":"https:\/\/bock.si\/wp-content\/uploads\/2025\/10\/cistilni-set-9mm.jpg","datePublished":"2025-10-02T08:43:53+00:00","breadcrumb":{"@id":"https:\/\/bock.si\/en\/shop\/cleaning-set-for-pistols-caliber-9mm-38-357\/#breadcrumb"},"inLanguage":"en-US","potentialAction":[{"@type":"ReadAction","target":["https:\/\/bock.si\/en\/shop\/cleaning-set-for-pistols-caliber-9mm-38-357\/"]}]},{"@type":"ImageObject","inLanguage":"en-US","@id":"https:\/\/bock.si\/en\/shop\/cleaning-set-for-pistols-caliber-9mm-38-357\/#primaryimage","url":"https:\/\/bock.si\/wp-content\/uploads\/2025\/10\/cistilni-set-9mm.jpg","contentUrl":"https:\/\/bock.si\/wp-content\/uploads\/2025\/10\/cistilni-set-9mm.jpg","width":800,"height":800},{"@type":"BreadcrumbList","@id":"https:\/\/bock.si\/en\/shop\/cleaning-set-for-pistols-caliber-9mm-38-357\/#breadcrumb","itemListElement":[{"@type":"ListItem","position":1,"name":"Home","item":"https:\/\/bock.si\/en\/"},{"@type":"ListItem","position":2,"name":"Shop","item":"https:\/\/bock.si\/en\/shop\/"},{"@type":"ListItem","position":3,"name":"Cleaning set for pistols caliber 9mm \/.38 \/.357"}]},{"@type":"WebSite","@id":"https:\/\/bock.si\/#website","url":"https:\/\/bock.si\/","name":"BOCK Kranj","description":"Gunsmithing and shop","publisher":{"@id":"https:\/\/bock.si\/#organization"},"potentialAction":[{"@type":"SearchAction","target":{"@type":"EntryPoint","urlTemplate":"https:\/\/bock.si\/?s={search_term_string}"},"query-input":{"@type":"PropertyValueSpecification","valueRequired":true,"valueName":"search_term_string"}}],"inLanguage":"en-US"},{"@type":"Organization","@id":"https:\/\/bock.si\/#organization","name":"BOCK Kranj","url":"https:\/\/bock.si\/","logo":{"@type":"ImageObject","inLanguage":"en-US","@id":"https:\/\/bock.si\/#\/schema\/logo\/image\/","url":"https:\/\/bock.si\/wp-content\/uploads\/2025\/09\/bock-logo-sq.jpg","contentUrl":"https:\/\/bock.si\/wp-content\/uploads\/2025\/09\/bock-logo-sq.jpg","width":696,"height":696,"caption":"BOCK Kranj"},"image":{"@id":"https:\/\/bock.si\/#\/schema\/logo\/image\/"},"sameAs":["https:\/\/www.facebook.com\/BockKranj","https:\/\/www.instagram.com\/bockkranjofficial\/"]}]}},"brands":[{"id":80,"name":"Akah","slug":"akah"}],"_links":{"self":[{"href":"https:\/\/bock.si\/en\/wp-json\/wp\/v2\/product\/16196","targetHints":{"allow":["GET"]}}],"collection":[{"href":"https:\/\/bock.si\/en\/wp-json\/wp\/v2\/product"}],"about":[{"href":"https:\/\/bock.si\/en\/wp-json\/wp\/v2\/types\/product"}],"replies":[{"embeddable":true,"href":"https:\/\/bock.si\/en\/wp-json\/wp\/v2\/comments?post=16196"}],"wp:featuredmedia":[{"embeddable":true,"href":"https:\/\/bock.si\/en\/wp-json\/wp\/v2\/media\/16195"}],"wp:attachment":[{"href":"https:\/\/bock.si\/en\/wp-json\/wp\/v2\/media?parent=16196"}],"wp:term":[{"taxonomy":"pwb-brand","embeddable":true,"href":"https:\/\/bock.si\/en\/wp-json\/wp\/v2\/pwb-brand?post=16196"},{"taxonomy":"product_brand","embeddable":true,"href":"https:\/\/bock.si\/en\/wp-json\/wp\/v2\/product_brand?post=16196"},{"taxonomy":"product_cat","embeddable":true,"href":"https:\/\/bock.si\/en\/wp-json\/wp\/v2\/product_cat?post=16196"},{"taxonomy":"product_tag","embeddable":true,"href":"https:\/\/bock.si\/en\/wp-json\/wp\/v2\/product_tag?post=16196"}],"curies":[{"name":"wp","href":"https:\/\/api.w.org\/{rel}","templated":true}]}}